{"id":84,"date":"2013-02-19T07:49:49","date_gmt":"2013-02-19T06:49:49","guid":{"rendered":"http:\/\/dominikanische-laien.de\/?page_id=84"},"modified":"2014-01-01T13:07:28","modified_gmt":"2014-01-01T12:07:28","slug":"die-laien","status":"publish","type":"page","link":"https:\/\/dominikanische-laien.de\/?page_id=84","title":{"rendered":"Die Laien"},"content":{"rendered":"<p>Aus der Regel der Dominikanischen Laiengemeinschaften:<\/p>\n<p>\u201eM\u00e4nner und Frauen, die mitten in der Welt die Nachfolge Christi leben, haben kraft Taufe und Firmung Anteil am dreifachen Amt Jesu Christi, der Prophet, Priester und Hirte ist. Sie sind dazu berufen, die Gegenwart Christi in den V\u00f6lkern lebendig zu erhalten und dazu beizutragen, dass \u201edie Menschen \u00fcberall auf der Erde die Heilsbotschaft Gottes erkennen\u00a0 und annehmen k\u00f6nnen\u201c (Apostolorum actuosum, Dekret des II. Vaticanums, Nr. 3).<\/p>\n<p>Einige von ihnen lassen sich vom Geist Gottes zu einem Leben in Geist und Nachfolge des hl. Dominikus bewegen. Mit einem besonderen Versprechen, das ihren eigenen Statuten entspricht, gliedern sie sich dem Orden ein. Sie schlie\u00dfen sich zu Gemeinschaften zusammen und bilden mit den anderen Zweigen des Ordens eine Familie. Dies pr\u00e4gt sowohl ihr pers\u00f6nliches geistliches Leben wie auch ihren Dienst vor Gott und an den Menschen in der Kirche.<\/p>\n<p>Als Mitglieder des Ordens sind sie auf ihre Weise Tr\u00e4ger seiner apostolischen Sendung in Gebet, Studium und Predigt. Wie Dominikus, Katharina von Siena und viele andere Br\u00fcder und Schwestern, die das Leben des Ordens und der Kirche beispielhaft gepr\u00e4gt haben, finden sie Kraft in der geschwisterlichen Gemeinschaft, die sie vor allem darin best\u00e4rkt, ihren eigenen Glauben zu bezeugen, die Probleme und Bed\u00fcrfnisse der Menschen von heute wahrzunehmen und die Wahrheit sichtbar werden zu lassen.<\/p>\n<p>Mit den heute dr\u00e4ngenden Aufgaben des Apostolats der Kirche setzen sie sich engagiert auseinander. Besonders f\u00fchlen sie sich gedr\u00e4ngt, den Menschen in ihren \u00c4ngsten in entgegenkommender Geschwisterlichkeit zu begegnen, sich f\u00fcr die Sache der Freiheit einzusetzen und Gerechtigkeit und Frieden zu f\u00f6rdern.<\/p>\n<p>Vom Charisma des Ordens gepr\u00e4gt, wissen sie,\u00a0 dass ihre apostolische T\u00e4tigkeit aus der Tiefe geistlicher Erfahrung enstpringen muss.\u201c<\/p>\n<p>&nbsp;<\/p>\n<p>N\u00e4here Informationen siehe <a href=\"http:\/\/dominikanische-laien.de\/?page_id=88\">hier<\/a>\u00a0und <a href=\"http:\/\/dominikanische-laien.de\/?page_id=95\">hier<\/a><\/p>\n","protected":false},"excerpt":{"rendered":"<p>Aus der Regel der Dominikanischen Laiengemeinschaften: \u201eM\u00e4nner und Frauen, die mitten in der Welt die Nachfolge Christi leben, haben kraft Taufe und Firmung Anteil am dreifachen Amt Jesu Christi, der Prophet, Priester und Hirte ist. Sie sind dazu berufen, die &hellip; <a href=\"https:\/\/dominikanische-laien.de\/?page_id=84\">Weiterlesen <span class=\"meta-nav\">&rarr;<\/span><\/a><\/p>\n","protected":false},"author":2,"featured_media":0,"parent":18,"menu_order":4,"comment_status":"open","ping_status":"open","template":"","meta":{"footnotes":"","_links_to":"","_links_to_target":""},"class_list":["post-84","page","type-page","status-publish","hentry"],"_links":{"self":[{"href":"https:\/\/dominikanische-laien.de\/index.php?rest_route=\/wp\/v2\/pages\/84"}],"collection":[{"href":"https:\/\/dominikanische-laien.de\/index.php?rest_route=\/wp\/v2\/pages"}],"about":[{"href":"https:\/\/dominikanische-laien.de\/index.php?rest_route=\/wp\/v2\/types\/page"}],"author":[{"embeddable":true,"href":"https:\/\/dominikanische-laien.de\/index.php?rest_route=\/wp\/v2\/users\/2"}],"replies":[{"embeddable":true,"href":"https:\/\/dominikanische-laien.de\/index.php?rest_route=%2Fwp%2Fv2%2Fcomments&post=84"}],"version-history":[{"count":12,"href":"https:\/\/dominikanische-laien.de\/index.php?rest_route=\/wp\/v2\/pages\/84\/revisions"}],"predecessor-version":[{"id":908,"href":"https:\/\/dominikanische-laien.de\/index.php?rest_route=\/wp\/v2\/pages\/84\/revisions\/908"}],"up":[{"embeddable":true,"href":"https:\/\/dominikanische-laien.de\/index.php?rest_route=\/wp\/v2\/pages\/18"}],"wp:attachment":[{"href":"https:\/\/dominikanische-laien.de\/index.php?rest_route=%2Fwp%2Fv2%2Fmedia&parent=84"}],"curies":[{"name":"wp","href":"https:\/\/api.w.org\/{rel}","templated":true}]}}