{"id":82,"date":"2013-02-19T07:48:50","date_gmt":"2013-02-19T06:48:50","guid":{"rendered":"http:\/\/dominikanische-laien.de\/?page_id=82"},"modified":"2015-02-13T19:31:31","modified_gmt":"2015-02-13T18:31:31","slug":"die-apostolischen-schwestern","status":"publish","type":"page","link":"https:\/\/dominikanische-laien.de\/?page_id=82","title":{"rendered":"Die Apostolischen Schwestern"},"content":{"rendered":"<p>Das katholische Magazin <a href=\"http:\/\/www.theo-magazin.de\"><strong>theo<\/strong><\/a> hat einen sehr sch\u00f6nen Beitrag \u00fcber die Dominikanerinnen und insbesondere die apostolischen Schwestern ver\u00f6ffentlicht, auf den wir <a href=\"http:\/\/www.theo-magazin.de\/2013\/02\/21\/dominikanerinnen\/\">hier<\/a> anstelle eines eigenen Textes verweisen m\u00f6chten.<\/p>\n","protected":false},"excerpt":{"rendered":"<p>Das katholische Magazin theo hat einen sehr sch\u00f6nen Beitrag \u00fcber die Dominikanerinnen und insbesondere die apostolischen Schwestern ver\u00f6ffentlicht, auf den wir hier anstelle eines eigenen Textes verweisen m\u00f6chten.<\/p>\n","protected":false},"author":2,"featured_media":0,"parent":18,"menu_order":3,"comment_status":"open","ping_status":"open","template":"","meta":{"footnotes":"","_links_to":"","_links_to_target":""},"class_list":["post-82","page","type-page","status-publish","hentry"],"_links":{"self":[{"href":"https:\/\/dominikanische-laien.de\/index.php?rest_route=\/wp\/v2\/pages\/82"}],"collection":[{"href":"https:\/\/dominikanische-laien.de\/index.php?rest_route=\/wp\/v2\/pages"}],"about":[{"href":"https:\/\/dominikanische-laien.de\/index.php?rest_route=\/wp\/v2\/types\/page"}],"author":[{"embeddable":true,"href":"https:\/\/dominikanische-laien.de\/index.php?rest_route=\/wp\/v2\/users\/2"}],"replies":[{"embeddable":true,"href":"https:\/\/dominikanische-laien.de\/index.php?rest_route=%2Fwp%2Fv2%2Fcomments&post=82"}],"version-history":[{"count":4,"href":"https:\/\/dominikanische-laien.de\/index.php?rest_route=\/wp\/v2\/pages\/82\/revisions"}],"predecessor-version":[{"id":1685,"href":"https:\/\/dominikanische-laien.de\/index.php?rest_route=\/wp\/v2\/pages\/82\/revisions\/1685"}],"up":[{"embeddable":true,"href":"https:\/\/dominikanische-laien.de\/index.php?rest_route=\/wp\/v2\/pages\/18"}],"wp:attachment":[{"href":"https:\/\/dominikanische-laien.de\/index.php?rest_route=%2Fwp%2Fv2%2Fmedia&parent=82"}],"curies":[{"name":"wp","href":"https:\/\/api.w.org\/{rel}","templated":true}]}}