{"id":79,"date":"2013-02-19T07:47:52","date_gmt":"2013-02-19T06:47:52","guid":{"rendered":"http:\/\/dominikanische-laien.de\/?page_id=79"},"modified":"2013-10-26T11:08:25","modified_gmt":"2013-10-26T10:08:25","slug":"der-orden-als-familie","status":"publish","type":"page","link":"https:\/\/dominikanische-laien.de\/?page_id=79","title":{"rendered":"Der Orden als Familie"},"content":{"rendered":"<p style=\"text-align: center;\"><a href=\"http:\/\/dominikanische-laien.de\/wp-content\/uploads\/2013\/02\/OrdoPraedicatorum.jpg\"><img loading=\"lazy\" decoding=\"async\" class=\" wp-image-327 aligncenter\" alt=\"OrdoPraedicatorum\" src=\"http:\/\/dominikanische-laien.de\/wp-content\/uploads\/2013\/02\/OrdoPraedicatorum-258x300.jpg\" width=\"325\" height=\"400\" \/><\/a><\/p>\n<p style=\"text-align: justify;\">Der Orden der Predigerbr\u00fcder (<em>Ordo fratrum predicatorum<\/em>) besteht nicht nur aus Ordensm\u00e4nnern im schwarzweissen Habit sondern aus einem ganzen Strau\u00df von Gemeinschaften und Gruppierungen, die ihm in unterschiedlicher Intensit\u00e4t der Bindung angeh\u00f6ren. Es mag \u00fcberraschen, dass Laien nicht nur Bestandteil des Dominikanerordens sind, sondern dass ein Teil von ihnen zusammen mit den Br\u00fcdern und den in Klausur lebenden Nonnen (Moniales) den inneren Kern des Ordens bilden, dessen einigendes Prinzip der Ordensmeister ist. W\u00e4hrend die Br\u00fcder und die Moniales ihm bzw. seinen Stellvertretern bei ihrer Profess Gehorsam geloben, legen die &#8222;inkorporierten&#8220; Dominikanischen Laien vor ihm bzw. seinen Stellvertretern ein Versprechen ab, nach der Regel der Dominikanischen Gemeinschaften zu leben.<\/p>\n<div style=\"width: 310px\" class=\"wp-caption aligncenter\"><a href=\"http:\/\/dominikanische-laien.de\/wp-content\/uploads\/2013\/02\/Folie1.jpg\"><img loading=\"lazy\" decoding=\"async\" title=\"Die Dominikanische Familie \" alt=\"Folie1\" src=\"http:\/\/dominikanische-laien.de\/wp-content\/uploads\/2013\/02\/Folie1-300x225.jpg\" width=\"300\" height=\"225\" \/><\/a><p class=\"wp-caption-text\">Grafik nach P. Johannes Weise; zuerst ver\u00f6ffentlicht im Dominikusheft 2009\/2010<\/p><\/div>\n<div><\/div>\n<p style=\"text-align: justify;\">Um diesen inneren Kern scharen sich eine ganze Reihe anderer Ordenszweige, die zwar den Ordensmeister als Zeichen der Einheit der Dominikanischen Familie anerkennen, aber von ihm unabh\u00e4ngig sind. Dazu geh\u00f6ren die Kongregationen der apostolisch und caritativ t\u00e4tigen Schwestern, die Dominikanischen S\u00e4kularinstitute, die Dominikanischen \u00a0Priesterbruderschaften, die\u00a0Dominikanischen Akademikervereinigungen\u00a0und andere\u00a0 &#8222;assoziierte&#8220; dominikanische Laiengruppen, die kein oder nur auf Zeit Versprechen ablegen und von denen die Internationalen Dominikanischen Volont\u00e4re (Dominican Volunteers International, DVI) und die Internationale Dominikanische Jugendbewegung (International Dominican Youth Movement, IDYM) \u00fcberregionale Bedeutung erlangt haben.<\/p>\n","protected":false},"excerpt":{"rendered":"<p>Der Orden der Predigerbr\u00fcder (Ordo fratrum predicatorum) besteht nicht nur aus Ordensm\u00e4nnern im schwarzweissen Habit sondern aus einem ganzen Strau\u00df von Gemeinschaften und Gruppierungen, die ihm in unterschiedlicher Intensit\u00e4t der Bindung angeh\u00f6ren. Es mag \u00fcberraschen, dass Laien nicht nur Bestandteil &hellip; <a href=\"https:\/\/dominikanische-laien.de\/?page_id=79\">Weiterlesen <span class=\"meta-nav\">&rarr;<\/span><\/a><\/p>\n","protected":false},"author":2,"featured_media":0,"parent":18,"menu_order":0,"comment_status":"open","ping_status":"open","template":"","meta":{"footnotes":"","_links_to":"","_links_to_target":""},"class_list":["post-79","page","type-page","status-publish","hentry"],"_links":{"self":[{"href":"https:\/\/dominikanische-laien.de\/index.php?rest_route=\/wp\/v2\/pages\/79"}],"collection":[{"href":"https:\/\/dominikanische-laien.de\/index.php?rest_route=\/wp\/v2\/pages"}],"about":[{"href":"https:\/\/dominikanische-laien.de\/index.php?rest_route=\/wp\/v2\/types\/page"}],"author":[{"embeddable":true,"href":"https:\/\/dominikanische-laien.de\/index.php?rest_route=\/wp\/v2\/users\/2"}],"replies":[{"embeddable":true,"href":"https:\/\/dominikanische-laien.de\/index.php?rest_route=%2Fwp%2Fv2%2Fcomments&post=79"}],"version-history":[{"count":10,"href":"https:\/\/dominikanische-laien.de\/index.php?rest_route=\/wp\/v2\/pages\/79\/revisions"}],"predecessor-version":[{"id":704,"href":"https:\/\/dominikanische-laien.de\/index.php?rest_route=\/wp\/v2\/pages\/79\/revisions\/704"}],"up":[{"embeddable":true,"href":"https:\/\/dominikanische-laien.de\/index.php?rest_route=\/wp\/v2\/pages\/18"}],"wp:attachment":[{"href":"https:\/\/dominikanische-laien.de\/index.php?rest_route=%2Fwp%2Fv2%2Fmedia&parent=79"}],"curies":[{"name":"wp","href":"https:\/\/api.w.org\/{rel}","templated":true}]}}