{"id":24,"date":"2013-01-06T16:59:53","date_gmt":"2013-01-06T15:59:53","guid":{"rendered":"http:\/\/dominikanische-laien.de\/?page_id=24"},"modified":"2014-01-01T19:42:54","modified_gmt":"2014-01-01T18:42:54","slug":"das-leben-der-laien","status":"publish","type":"page","link":"https:\/\/dominikanische-laien.de\/?page_id=24","title":{"rendered":"Das Leben der Laien"},"content":{"rendered":"<p>Alle Zweige der dominikanischen Familie eint die auf vier S\u00e4ulen ruhende dominikanische Spriritualit\u00e4t und Lebensweise: Gemeinschaft, Gebet, Studium und Apostolat. W\u00e4hrend Gemeinschaft und Gebet naturgem\u00e4\u00df vielen christlichen Gruppen eignet, geh\u00f6ren sie in Kombination mit Studium und Apostolat zum Proprium des Predigerordens. Wie die Br\u00fcder und Schwestern pflegen Dominikanische Laien in den Gemeinschaften und allein das Stundengebet der Kirche und das Rosenkranzgebet im Rahmen ihrer zeitlichen M\u00f6glichkeiten, streben in der Feier der Eucharistie, im pers\u00f6nlichen Gebet und in der Kontemplation eine enge Freundschaft mit Gott und mit Maria und widmen sich lebenslang dem Studium (<i>formatio permanens<\/i>). Diese organische Einheit der vier S\u00e4ulen sind eigentlich nichts anderes als die volle Entfaltung christlicher Existenz. Doch dienen die drei ersten S\u00e4ulen (Gemeinschaft, Gebet und Studium) vor allem als Grundlage, Vertiefung, Erm\u00f6glichung und Ausformung des Apostolats, das die eigentliche Sendung des Dominikanerordens ist . \u201eJedes Mitglied des Dominikanerordens muss f\u00e4hig sein, das Wort Gottes zu verk\u00fcnden. In der Verk\u00fcndigung nehmen Christen das prophetische Amt wahr, zu dem sie durch Taufe und Firmung bevollm\u00e4chtigt sind\u201c ( aus der Regel der Dominikanischen Gemeinschaften).<\/p>\n<p>Dominikanische Laien vervollst\u00e4ndigen gewisserma\u00dfen die Berufung der Br\u00fcder, der kontemplativen und der apostolischen Schwestern im Predigerorden. Sie haben den Auftrag, unabh\u00e4ngig oder in Zusammenarbeit mit den Br\u00fcdern und Schwestern, die Frohe Botschaft in Lebensbereichen zum Leuchten zu bringen, die von den Ordensleuten nur schwer oder gar nicht erreicht werden k\u00f6nnen. Naturgem\u00e4\u00df ist ein wichtiges Ziel des Ordens, das Erkennen der Zeichen der Zeit und der Einsatz f\u00fcr die Gerechtigkeit, f\u00fcr sie eine besondere Herausforderung. Dazu setzen sie ihre ganze Erfahrung ein, die sie aus ihrem Leben \u201ein der Welt\u201c in Beruf und Familie mitbringen. Die Mittel und Wege, die ihnen daf\u00fcr zur Verf\u00fcgung stehen sind praktisch unbegrenzt.<\/p>\n<p style=\"text-align: center;\"><a title=\"Berufung\" href=\"http:\/\/dominikanische-laien.de\/?page_id=117\">Berufung<\/a><\/p>\n<p style=\"text-align: center;\"><a title=\"Gebet\" href=\"http:\/\/dominikanische-laien.de\/?page_id=121\">Gebet<\/a><\/p>\n<p style=\"text-align: center;\"><a title=\"Gemeinschaft\" href=\"http:\/\/dominikanische-laien.de\/?page_id=119\">Gemeinschaft<\/a><\/p>\n<p style=\"text-align: center;\"><a title=\"Studium\" href=\"http:\/\/dominikanische-laien.de\/?page_id=123\">Studium<\/a><\/p>\n<p style=\"text-align: center;\"><a title=\"Verk\u00fcndigung\" href=\"http:\/\/dominikanische-laien.de\/?page_id=125\">Verk\u00fcndigung<\/a><\/p>\n","protected":false},"excerpt":{"rendered":"<p>Alle Zweige der dominikanischen Familie eint die auf vier S\u00e4ulen ruhende dominikanische Spriritualit\u00e4t und Lebensweise: Gemeinschaft, Gebet, Studium und Apostolat. W\u00e4hrend Gemeinschaft und Gebet naturgem\u00e4\u00df vielen christlichen Gruppen eignet, geh\u00f6ren sie in Kombination mit Studium und Apostolat zum Proprium des &hellip; <a href=\"https:\/\/dominikanische-laien.de\/?page_id=24\">Weiterlesen <span class=\"meta-nav\">&rarr;<\/span><\/a><\/p>\n","protected":false},"author":2,"featured_media":143,"parent":0,"menu_order":4,"comment_status":"open","ping_status":"open","template":"","meta":{"footnotes":"","_links_to":"","_links_to_target":""},"class_list":["post-24","page","type-page","status-publish","has-post-thumbnail","hentry"],"_links":{"self":[{"href":"https:\/\/dominikanische-laien.de\/index.php?rest_route=\/wp\/v2\/pages\/24"}],"collection":[{"href":"https:\/\/dominikanische-laien.de\/index.php?rest_route=\/wp\/v2\/pages"}],"about":[{"href":"https:\/\/dominikanische-laien.de\/index.php?rest_route=\/wp\/v2\/types\/page"}],"author":[{"embeddable":true,"href":"https:\/\/dominikanische-laien.de\/index.php?rest_route=\/wp\/v2\/users\/2"}],"replies":[{"embeddable":true,"href":"https:\/\/dominikanische-laien.de\/index.php?rest_route=%2Fwp%2Fv2%2Fcomments&post=24"}],"version-history":[{"count":10,"href":"https:\/\/dominikanische-laien.de\/index.php?rest_route=\/wp\/v2\/pages\/24\/revisions"}],"predecessor-version":[{"id":914,"href":"https:\/\/dominikanische-laien.de\/index.php?rest_route=\/wp\/v2\/pages\/24\/revisions\/914"}],"wp:featuredmedia":[{"embeddable":true,"href":"https:\/\/dominikanische-laien.de\/index.php?rest_route=\/wp\/v2\/media\/143"}],"wp:attachment":[{"href":"https:\/\/dominikanische-laien.de\/index.php?rest_route=%2Fwp%2Fv2%2Fmedia&parent=24"}],"curies":[{"name":"wp","href":"https:\/\/api.w.org\/{rel}","templated":true}]}}