{"id":22,"date":"2013-01-06T16:58:56","date_gmt":"2013-01-06T15:58:56","guid":{"rendered":"http:\/\/dominikanische-laien.de\/?page_id=22"},"modified":"2013-08-27T17:56:13","modified_gmt":"2013-08-27T16:56:13","slug":"der-auftrag-der-laien","status":"publish","type":"page","link":"https:\/\/dominikanische-laien.de\/?page_id=22","title":{"rendered":"Der Auftrag der Laien"},"content":{"rendered":"<p>Seit dem II. vatikanischen Konzil kam den Laien in der Kirche eine neue Bedeutung zu. Wurden sie zuvor noch als &#8222;Objekte&#8220; der Seelsorge und als &#8222;Zu-Versorgende&#8220; wahrgenommen, waren sie nun Mittr\u00e4ger des Heilshandelns Gottes in der Welt. Durch die Taufe und die Firmung wurden nun auch die Laien als Gl\u00e4ubige verstanden, welche Anteil an K\u00f6nigtum, Priestertum und Prophetenamt Christi haben. Diese Ver\u00e4nderung des Laien-Bildes f\u00fchrte auch dazu, dass die dominikanischen Laien nicht mehr nur Anteil an der Spiritualit\u00e4t des Ordens hatten, sondern auch an seiner Sendung in die Welt.<\/p>\n<p>Mit dieser &#8222;Sendung in die Welt&#8220; ist der Auftrag der Laien bezeichnet. Doch: Wozu gesendet? Die Sendung der Laien besteht in der Sendung als Apostel und Prediger. Wie im gesamten Orden bilden die Grundlagen die vier S\u00e4ulen des Ordens (Gebet, Gemeinschaft, Studium und Apostolat). Gebet, Gemeinschaft und Studium sind aber wiederum auf das Apostolat ausgerichtet.<\/p>\n<p>Der Auftrag der Laien ist also ein apostolischer. Aber: Was bedeutet das konkret? Sich f\u00fcr das Evangelium einsetzen, sich f\u00fcr die apostolische Tradition einsetzen und ein Leben nach der Liebe Gottes f\u00fchren. Ausformen kann sich dies in verschiedenster Form, doch eines ist allen gemein: Ein vorbildliches christliches Leben f\u00fchren, denn keine Verk\u00fcndigung kann wirklich fruchtbar sein, wenn der Verk\u00fcndigende nicht vorbildlich lebt.<\/p>\n<p>Eine wichtige Voraussetzung f\u00fcr dieses Leben ist die Auseinandersetzung mit den Bed\u00fcrfnissen der Zeit. In den Texten des II. vatikanischen Konzils wird auf die Auseinandersetzung mit den Bed\u00fcrfnissen und Leiden der Menschen von heute verwiesen. Diesem Gedanken sind die Laien des Hl. Dominikus in besonderer Weise verpflichtet, da sie in ihrem laikalen Leben in Bereiche des Alltag blicken, ja sie selbst durchleben, welche den Ordensm\u00e4nnern und Moniales nur begrenzt zug\u00e4nglich sind. Mit diesem Blick auf die n\u00f6tigen Bed\u00fcrfnisse k\u00f6nnen sie genau in diesem Alltag ein Zeichen des Heilswillens Gottes sein.<\/p>\n<p>Und darin besteht in besonderer Weise der Auftrag der Laien: Ein Zeichen der Liebe Gottes in der Welt sein, um f\u00fcr das Heil der Menschen zu wirken und Gott erkennbar werden zu lassen. Dies inspiriert durch den Hl. Vater Dominikus und alle Heilige des Ordens und in der Gemeinschaft der dominikanischen Familie, immerfort wachsend in einer liebenden Beziehung zum dreieinigen Gott, zu Maria und zu allen Br\u00fcdern und Schwestern.<\/p>\n","protected":false},"excerpt":{"rendered":"<p>Seit dem II. vatikanischen Konzil kam den Laien in der Kirche eine neue Bedeutung zu. Wurden sie zuvor noch als &#8222;Objekte&#8220; der Seelsorge und als &#8222;Zu-Versorgende&#8220; wahrgenommen, waren sie nun Mittr\u00e4ger des Heilshandelns Gottes in der Welt. Durch die Taufe &hellip; <a href=\"https:\/\/dominikanische-laien.de\/?page_id=22\">Weiterlesen <span class=\"meta-nav\">&rarr;<\/span><\/a><\/p>\n","protected":false},"author":2,"featured_media":142,"parent":0,"menu_order":3,"comment_status":"open","ping_status":"open","template":"","meta":{"footnotes":"","_links_to":"","_links_to_target":""},"class_list":["post-22","page","type-page","status-publish","has-post-thumbnail","hentry"],"_links":{"self":[{"href":"https:\/\/dominikanische-laien.de\/index.php?rest_route=\/wp\/v2\/pages\/22"}],"collection":[{"href":"https:\/\/dominikanische-laien.de\/index.php?rest_route=\/wp\/v2\/pages"}],"about":[{"href":"https:\/\/dominikanische-laien.de\/index.php?rest_route=\/wp\/v2\/types\/page"}],"author":[{"embeddable":true,"href":"https:\/\/dominikanische-laien.de\/index.php?rest_route=\/wp\/v2\/users\/2"}],"replies":[{"embeddable":true,"href":"https:\/\/dominikanische-laien.de\/index.php?rest_route=%2Fwp%2Fv2%2Fcomments&post=22"}],"version-history":[{"count":5,"href":"https:\/\/dominikanische-laien.de\/index.php?rest_route=\/wp\/v2\/pages\/22\/revisions"}],"predecessor-version":[{"id":480,"href":"https:\/\/dominikanische-laien.de\/index.php?rest_route=\/wp\/v2\/pages\/22\/revisions\/480"}],"wp:featuredmedia":[{"embeddable":true,"href":"https:\/\/dominikanische-laien.de\/index.php?rest_route=\/wp\/v2\/media\/142"}],"wp:attachment":[{"href":"https:\/\/dominikanische-laien.de\/index.php?rest_route=%2Fwp%2Fv2%2Fmedia&parent=22"}],"curies":[{"name":"wp","href":"https:\/\/api.w.org\/{rel}","templated":true}]}}