{"id":127,"date":"2013-02-19T07:59:17","date_gmt":"2013-02-19T06:59:17","guid":{"rendered":"http:\/\/dominikanische-laien.de\/?page_id=127"},"modified":"2013-08-03T15:49:29","modified_gmt":"2013-08-03T14:49:29","slug":"postulat","status":"publish","type":"page","link":"https:\/\/dominikanische-laien.de\/?page_id=127","title":{"rendered":"Postulat"},"content":{"rendered":"<p>&nbsp;<\/p>\n<p>Postulanten sind Personen, die sich ernsthaft f\u00fcr eine Mitgliedschaft in der Dominikanischen Laiengemeinschaft interessieren. Das Postulat dauert mindestens 6 und h\u00f6chstens 12 Monate und dient dem Kennenlernen des Ordens und der Dominikanischen Laiengemeinschaft, dem Pr\u00fcfen der eigenen Absichten und der Berufungskl\u00e4rung sowie der gegenseitigen Pr\u00fcfung von Postulant und Fraternit\u00e4t\/Gruppe oder (im Fall von Einzelmitgliedern) anderen Repr\u00e4sentanten des Ordens.<\/p>\n<p>Die Postulanten sollen in dieser Zeit sowohl die spezifischen Charakteristika des Dominikanerordens als auch die Wesensmerkmale einer Mitgliedschaft in seinem inkorporierten Laienzweig kennenlernen. Die Verantwortlichen sind gehalten, sich mindestens einmal monatlich mit den Postulanten zu treffen und ein detailliertes Programm auszuarbeiten. W\u00e4hrend des Postulats ist der Postulant Gast in einer Gruppe\/Fraternit\u00e4t. Der Ordensassistent und der Gruppenleiter sollen w\u00e4hrend des Postulats jeweils ein Gespr\u00e4ch mit dem Postulanten f\u00fchren, um dessen Eignung bzw. Berufung f\u00fcr die Laiengemeinschaft zu erkennen. Die Zulassung zum Noviziat erfolgt nach Regel III\/16.<\/p>\n<p>Die Postulanten m\u00fcssen mitbringen:<\/p>\n<p>a)\u00a0\u00a0\u00a0\u00a0 vorbildliche christliche Lebensf\u00fchrung,<\/p>\n<p>b)\u00a0\u00a0\u00a0\u00a0 Bereitschaft zu Studium und Vertiefung der christlichen Glaubenswahrheiten,<\/p>\n<p>c)\u00a0\u00a0\u00a0\u00a0 die Absicht, am Gruppenleben regelm\u00e4\u00dfig und aktiv teilzunehmen,<\/p>\n<p>d)\u00a0\u00a0\u00a0\u00a0 Aufgeschlossenheit gegen\u00fcber den Problemen von Kirche und Welt in der heutigen Zeit,<\/p>\n<p>e)\u00a0\u00a0\u00a0\u00a0 eine Form \u201eapostolischen Eifers\u201c,<\/p>\n<p>f)\u00a0\u00a0\u00a0\u00a0\u00a0 Interesse am Dominikanischen Gemeinschaftsleben<\/p>\n","protected":false},"excerpt":{"rendered":"<p>&nbsp; Postulanten sind Personen, die sich ernsthaft f\u00fcr eine Mitgliedschaft in der Dominikanischen Laiengemeinschaft interessieren. Das Postulat dauert mindestens 6 und h\u00f6chstens 12 Monate und dient dem Kennenlernen des Ordens und der Dominikanischen Laiengemeinschaft, dem Pr\u00fcfen der eigenen Absichten und &hellip; <a href=\"https:\/\/dominikanische-laien.de\/?page_id=127\">Weiterlesen <span class=\"meta-nav\">&rarr;<\/span><\/a><\/p>\n","protected":false},"author":2,"featured_media":0,"parent":27,"menu_order":0,"comment_status":"open","ping_status":"open","template":"","meta":{"footnotes":"","_links_to":"","_links_to_target":""},"class_list":["post-127","page","type-page","status-publish","hentry"],"_links":{"self":[{"href":"https:\/\/dominikanische-laien.de\/index.php?rest_route=\/wp\/v2\/pages\/127"}],"collection":[{"href":"https:\/\/dominikanische-laien.de\/index.php?rest_route=\/wp\/v2\/pages"}],"about":[{"href":"https:\/\/dominikanische-laien.de\/index.php?rest_route=\/wp\/v2\/types\/page"}],"author":[{"embeddable":true,"href":"https:\/\/dominikanische-laien.de\/index.php?rest_route=\/wp\/v2\/users\/2"}],"replies":[{"embeddable":true,"href":"https:\/\/dominikanische-laien.de\/index.php?rest_route=%2Fwp%2Fv2%2Fcomments&post=127"}],"version-history":[{"count":3,"href":"https:\/\/dominikanische-laien.de\/index.php?rest_route=\/wp\/v2\/pages\/127\/revisions"}],"predecessor-version":[{"id":380,"href":"https:\/\/dominikanische-laien.de\/index.php?rest_route=\/wp\/v2\/pages\/127\/revisions\/380"}],"up":[{"embeddable":true,"href":"https:\/\/dominikanische-laien.de\/index.php?rest_route=\/wp\/v2\/pages\/27"}],"wp:attachment":[{"href":"https:\/\/dominikanische-laien.de\/index.php?rest_route=%2Fwp%2Fv2%2Fmedia&parent=127"}],"curies":[{"name":"wp","href":"https:\/\/api.w.org\/{rel}","templated":true}]}}