{"id":125,"date":"2013-02-19T07:58:50","date_gmt":"2013-02-19T06:58:50","guid":{"rendered":"http:\/\/dominikanische-laien.de\/?page_id=125"},"modified":"2014-02-08T21:12:38","modified_gmt":"2014-02-08T20:12:38","slug":"verkundigung","status":"publish","type":"page","link":"https:\/\/dominikanische-laien.de\/?page_id=125","title":{"rendered":"Verk\u00fcndigung"},"content":{"rendered":"<p><a href=\"http:\/\/dominikanische-laien.de\/wp-content\/uploads\/2013\/02\/91S130606_191_21868_9.jpg\"><img loading=\"lazy\" decoding=\"async\" class=\"wp-image-924   alignleft\" title=\"Oskar Laske: Fischpredigt\" alt=\"91S130606_191_21868_9\" src=\"http:\/\/dominikanische-laien.de\/wp-content\/uploads\/2013\/02\/91S130606_191_21868_9.jpg\" width=\"480\" height=\"400\" \/><\/a><\/p>\n<p>Vorbereitet durch das Erwachen und Erstarken der Laien seit der beginnenden Neuzeit hat das Zweite Vaticanum die ekklesiale Berufung alle Gl\u00e4ubigen zur Teilhabe am priesterlichen, prophetischen und k\u00f6niglichen Amt Christi und an der Sendung des ganzen Gottesvolkes ausformuliert. Dadurch ermutigt haben auch die Dominikanischen Laiengemeinschaften in den letzten Jahrzehnten ihre Berufung neu \u00fcberdacht. Nach mehrj\u00e4hriger Vorbereitung enstand die 1987 approbierte neue Regel, die durch f\u00fcr die jeweiligen Ordensprovinzen g\u00fcltige Direktorien, erg\u00e4nzt wird. Ihre ersten programmatischen Abschnitte lauten:<\/p>\n<p>\u201eM\u00e4nner und Frauen, die mitten in der Welt die Nachfolge Christi leben, haben kraft Taufe und Firmung Anteil am dreifachen Amt Jesu Christi, der Prophet, Priester und Hirte ist. Sie sind dazu berufen, die Gegenwart Christi in den V\u00f6lkern lebendig zu erhalten und dazu beizutragen, dass \u201edie Menschen \u00fcberall auf der Erde die Heilsbotschaft Gottes erkennen\u00a0 und annehmen k\u00f6nnen\u201c (Apostolorum actuosum, Dekret des II. Vaticanums, Nr. 3).<\/p>\n<p>Einige von ihnen lassen sich vom Geist Gottes zu einem Leben in Geist und Nachfolge des hl. Dominikus bewegen. Mit einem besonderen Versprechen, das ihren eigenen Statuten entspricht, gliedern sie sich dem Orden ein. Sie schlie\u00dfen sich zu Gemeinschaften zusammen und bilden mit den anderen Zweigen des Ordens eine Familie. Dies pr\u00e4gt sowohl ihr pers\u00f6nliches geistliches Leben wie auch ihren Dienst vor Gott und an den Menschen in der Kirche.<\/p>\n<p>Als Mitglieder des Ordens sind sie auf ihre Weise Tr\u00e4ger seiner apostolischen Sendung in Gebet, Studium und Predigt. Wie Dominikus, Katharina von Siena und viele andere Br\u00fcder und Schwestern, die das Leben des Ordens und der Kirche beispielhaft gepr\u00e4gt haben, finden sie Kraft in der geschwisterlichen Gemeinschaft, die sie vor allem darin best\u00e4rkt, ihren eigenen Glauben zu bezeugen, die Probleme und Bed\u00fcrfnisse der Menschen von heute wahrzunehmen und die Wahrheit sichtbar werden zu lassen.<\/p>\n<p>Mit den heute dr\u00e4ngenden Aufgaben des Apostolats der Kirche setzen sie sich engagiert auseinander. Besonders f\u00fchlen sie sich gedr\u00e4ngt, den Menschen in ihren \u00c4ngsten in entgegenkommender Geschwisterlichkeit zu begegnen, sich f\u00fcr die Sache der Freiheit einzusetzen und Gerechtigkeit und Frieden zu f\u00f6rdern.<\/p>\n<p>Vom Charisma des Ordens gepr\u00e4gt, wissen sie,\u00a0 dass ihre apostolische T\u00e4tigkeit aus der Tiefe geistliche Erfahrung entpringen muss.\u201c<\/p>\n<p>Und:<\/p>\n<p>\u201eJedes Mitglied des Dominikanerordens muss f\u00e4hig sein, das Wort Gottes zu verk\u00fcnden. In der Verk\u00fcndigung nehmen Christen das prophetische Amt wahr, zu dem sie durch Taufe und Firmung bevollm\u00e4chtigt sind\u201c<\/p>\n<p>Dominikanische Laien vervollst\u00e4ndigen gewisserma\u00dfen die Berufung der Br\u00fcder, der kontemplativen und der apostolischen Schwestern im Predigerorden. Sie haben den Auftrag, unabh\u00e4ngig oder in Zusammenarbeit mit den Br\u00fcdern und Schwestern, die Frohe Botschaft in Lebensbereichen zum Leuchten zu bringen, die von den Ordensleuten nur schwer oder gar nicht erreicht werden k\u00f6nnen. Naturgem\u00e4\u00df ist ein wichtiges Ziel des Ordens, das Erkennen der Zeichen der Zeit und der Einsatz f\u00fcr die Gerechtigkeit, f\u00fcr sie eine besondere Herausforderung. Dazu setzen sie ihre ganze Erfahrung ein, die sie aus ihrem Leben \u201ein der Welt\u201c in Beruf und Familie mitbringen. Die Mittel und Wege, die ihnen daf\u00fcr zur Verf\u00fcgung stehen sind praktisch unbegrenzt.<\/p>\n<h4>Bild: Oskar Laske, Fischpredigt<\/h4>\n","protected":false},"excerpt":{"rendered":"<p>Vorbereitet durch das Erwachen und Erstarken der Laien seit der beginnenden Neuzeit hat das Zweite Vaticanum die ekklesiale Berufung alle Gl\u00e4ubigen zur Teilhabe am priesterlichen, prophetischen und k\u00f6niglichen Amt Christi und an der Sendung des ganzen Gottesvolkes ausformuliert. Dadurch ermutigt &hellip; <a href=\"https:\/\/dominikanische-laien.de\/?page_id=125\">Weiterlesen <span class=\"meta-nav\">&rarr;<\/span><\/a><\/p>\n","protected":false},"author":2,"featured_media":0,"parent":24,"menu_order":0,"comment_status":"open","ping_status":"open","template":"","meta":{"footnotes":"","_links_to":"","_links_to_target":""},"class_list":["post-125","page","type-page","status-publish","hentry"],"_links":{"self":[{"href":"https:\/\/dominikanische-laien.de\/index.php?rest_route=\/wp\/v2\/pages\/125"}],"collection":[{"href":"https:\/\/dominikanische-laien.de\/index.php?rest_route=\/wp\/v2\/pages"}],"about":[{"href":"https:\/\/dominikanische-laien.de\/index.php?rest_route=\/wp\/v2\/types\/page"}],"author":[{"embeddable":true,"href":"https:\/\/dominikanische-laien.de\/index.php?rest_route=\/wp\/v2\/users\/2"}],"replies":[{"embeddable":true,"href":"https:\/\/dominikanische-laien.de\/index.php?rest_route=%2Fwp%2Fv2%2Fcomments&post=125"}],"version-history":[{"count":9,"href":"https:\/\/dominikanische-laien.de\/index.php?rest_route=\/wp\/v2\/pages\/125\/revisions"}],"predecessor-version":[{"id":998,"href":"https:\/\/dominikanische-laien.de\/index.php?rest_route=\/wp\/v2\/pages\/125\/revisions\/998"}],"up":[{"embeddable":true,"href":"https:\/\/dominikanische-laien.de\/index.php?rest_route=\/wp\/v2\/pages\/24"}],"wp:attachment":[{"href":"https:\/\/dominikanische-laien.de\/index.php?rest_route=%2Fwp%2Fv2%2Fmedia&parent=125"}],"curies":[{"name":"wp","href":"https:\/\/api.w.org\/{rel}","templated":true}]}}