{"id":123,"date":"2013-02-19T07:58:22","date_gmt":"2013-02-19T06:58:22","guid":{"rendered":"http:\/\/dominikanische-laien.de\/?page_id=123"},"modified":"2013-12-05T20:17:08","modified_gmt":"2013-12-05T19:17:08","slug":"studium","status":"publish","type":"page","link":"https:\/\/dominikanische-laien.de\/?page_id=123","title":{"rendered":"Studium"},"content":{"rendered":"<div id=\"attachment_846\" style=\"width: 450px\" class=\"wp-caption aligncenter\"><a href=\"http:\/\/dominikanische-laien.de\/wp-content\/uploads\/2013\/02\/Verspottung-Christi2.jpg\"><img loading=\"lazy\" decoding=\"async\" aria-describedby=\"caption-attachment-846\" class=\" wp-image-846 \" alt=\"Verspottung Christi\" src=\"http:\/\/dominikanische-laien.de\/wp-content\/uploads\/2013\/02\/Verspottung-Christi2.jpg\" width=\"440\" height=\"530\" srcset=\"https:\/\/dominikanische-laien.de\/wp-content\/uploads\/2013\/02\/Verspottung-Christi2.jpg 333w, https:\/\/dominikanische-laien.de\/wp-content\/uploads\/2013\/02\/Verspottung-Christi2-249x300.jpg 249w\" sizes=\"(max-width: 440px) 100vw, 440px\" \/><\/a><p id=\"caption-attachment-846\" class=\"wp-caption-text\">Fra Angelico: Verspottung Christi<\/p><\/div>\n<p style=\"text-align: left;\">Weil Laiendominikaner nicht sich selber verk\u00fcnden, sondern wie die Apostel ganz im Dienst eines Anderen stehen, m\u00fcssen sie sich ein Leben lang darum bem\u00fchen, diesen Anderen kennen zu lernen. Das geschieht vornehmlich im Studium der Heiligen Schrift, welche uns die Geschichte Gottes mit den Menschen \u00fcberliefert. Und es geschieht im Studium der Theologie, der denkerischen Entfaltung und Durchdringung der Offenbarungsgeschichte.<\/p>\n<p style=\"text-align: left;\">Die Evangelisation selber ruft nach einem weiteren Schwerpunkt des Studiums. Die \u201ePredigt\u201c soll beim Adressaten ankommen, die Verk\u00fcndigung soll den H\u00f6rer in seiner Situation treffen. Das erfordert die Kenntnis der Adressaten der Botschaft, die Analyse ihre Situation. So bem\u00fchen sich die Dominikanischen Laien in ihrem Studium, die \u201eZeichen der Zeit\u201c zu verstehen und zu durchdringen. Durch ihr Studium verm\u00f6gen sie ihren Auftrag zu erf\u00fcllen, \u201e Menschen ihrer Zeit und Prediger des ganzen Evangeliums\u201c ( Konstitution OP) zu sein.<\/p>\n","protected":false},"excerpt":{"rendered":"<p>Weil Laiendominikaner nicht sich selber verk\u00fcnden, sondern wie die Apostel ganz im Dienst eines Anderen stehen, m\u00fcssen sie sich ein Leben lang darum bem\u00fchen, diesen Anderen kennen zu lernen. Das geschieht vornehmlich im Studium der Heiligen Schrift, welche uns die &hellip; <a href=\"https:\/\/dominikanische-laien.de\/?page_id=123\">Weiterlesen <span class=\"meta-nav\">&rarr;<\/span><\/a><\/p>\n","protected":false},"author":2,"featured_media":0,"parent":24,"menu_order":0,"comment_status":"open","ping_status":"open","template":"","meta":{"footnotes":"","_links_to":"","_links_to_target":""},"class_list":["post-123","page","type-page","status-publish","hentry"],"_links":{"self":[{"href":"https:\/\/dominikanische-laien.de\/index.php?rest_route=\/wp\/v2\/pages\/123"}],"collection":[{"href":"https:\/\/dominikanische-laien.de\/index.php?rest_route=\/wp\/v2\/pages"}],"about":[{"href":"https:\/\/dominikanische-laien.de\/index.php?rest_route=\/wp\/v2\/types\/page"}],"author":[{"embeddable":true,"href":"https:\/\/dominikanische-laien.de\/index.php?rest_route=\/wp\/v2\/users\/2"}],"replies":[{"embeddable":true,"href":"https:\/\/dominikanische-laien.de\/index.php?rest_route=%2Fwp%2Fv2%2Fcomments&post=123"}],"version-history":[{"count":5,"href":"https:\/\/dominikanische-laien.de\/index.php?rest_route=\/wp\/v2\/pages\/123\/revisions"}],"predecessor-version":[{"id":847,"href":"https:\/\/dominikanische-laien.de\/index.php?rest_route=\/wp\/v2\/pages\/123\/revisions\/847"}],"up":[{"embeddable":true,"href":"https:\/\/dominikanische-laien.de\/index.php?rest_route=\/wp\/v2\/pages\/24"}],"wp:attachment":[{"href":"https:\/\/dominikanische-laien.de\/index.php?rest_route=%2Fwp%2Fv2%2Fmedia&parent=123"}],"curies":[{"name":"wp","href":"https:\/\/api.w.org\/{rel}","templated":true}]}}