{"id":119,"date":"2013-02-19T07:57:54","date_gmt":"2013-02-19T06:57:54","guid":{"rendered":"http:\/\/dominikanische-laien.de\/?page_id=119"},"modified":"2013-12-06T18:19:40","modified_gmt":"2013-12-06T17:19:40","slug":"gemeinschaft","status":"publish","type":"page","link":"https:\/\/dominikanische-laien.de\/?page_id=119","title":{"rendered":"Gemeinschaft"},"content":{"rendered":"<div id=\"attachment_580\" style=\"width: 330px\" class=\"wp-caption aligncenter\"><a href=\"http:\/\/dominikanische-laien.de\/wp-content\/uploads\/2013\/09\/ibanez.jpg\"><img loading=\"lazy\" decoding=\"async\" aria-describedby=\"caption-attachment-580\" class=\" wp-image-580 \" alt=\"ibanez\" src=\"http:\/\/dominikanische-laien.de\/wp-content\/uploads\/2013\/09\/ibanez.jpg\" width=\"320\" height=\"469\" srcset=\"https:\/\/dominikanische-laien.de\/wp-content\/uploads\/2013\/09\/ibanez.jpg 400w, https:\/\/dominikanische-laien.de\/wp-content\/uploads\/2013\/09\/ibanez-204x300.jpg 204w\" sizes=\"(max-width: 320px) 100vw, 320px\" \/><\/a><p id=\"caption-attachment-580\" class=\"wp-caption-text\">Hl. Laurentius Ruiz und Gef\u00e4rten<\/p><\/div>\n<p>Dass ein \u201eEinzelk\u00e4mpfer\u201c nur wenig auszurichten vermag, hat Dominikus im Lauf seiner Jahre als einsamer Wanderprediger erfahren. Die gr\u00f6\u00dfere Durchschlagskraft ist jedoch nicht der eigentliche Grund, weshalb Dominikus und seinen Br\u00fcdern so viel am gemeinsamen Leben liegt.\u00a0 Das Evangelium selber als Zusage der vergebenden Liebe Gottes stiftet Gemeinschaft und gewinnt in gegl\u00fccktem menschlichem Zusammenleben konkrete Gestalt. So wird die Fraternit\u00e4t vor Ort, die geschwisterliche Gemeinschaft, zum N\u00e4hrboden der Predigt und zum Bew\u00e4hrungsraum, wo jedes Mitglied das, was es weitergeben m\u00f6chte, im Alltag ein\u00fcben und leben kann. Schon durch ihre Existenz als Gleichnis des Reiches Gottes soll die Fraternit\u00e4t Predigt des Evangeliums sein.<\/p>\n<p>Das gemeinsame Leben gewinnt Gestalt im geschwisterlichen Teilen jeder Gabe, jedes Charismas, das dem einzelnen zum Nutzen aller anvertraut ist und erst in Zusammenwirken aller Gaben seine volle Kraft entfalten kann: geschwisterliches Teilen als Arbeiten im Team \u2013 geschwisterliches Teilen aber auch im gemeinsamen Tragen der Freude und der Last des Lebens.<\/p>\n<p>Zum Gemeinschaftsleben der Dominikanischen Laien, ebenso wie der Br\u00fcder und der Schwestern geh\u00f6rt die gemeinsame Feier der Liturgie. In deren Zentrum steht die Eucharistie, aus der sich jede christliche Gemeinschaft aufbaut.<\/p>\n","protected":false},"excerpt":{"rendered":"<p>Dass ein \u201eEinzelk\u00e4mpfer\u201c nur wenig auszurichten vermag, hat Dominikus im Lauf seiner Jahre als einsamer Wanderprediger erfahren. Die gr\u00f6\u00dfere Durchschlagskraft ist jedoch nicht der eigentliche Grund, weshalb Dominikus und seinen Br\u00fcdern so viel am gemeinsamen Leben liegt.\u00a0 Das Evangelium selber &hellip; <a href=\"https:\/\/dominikanische-laien.de\/?page_id=119\">Weiterlesen <span class=\"meta-nav\">&rarr;<\/span><\/a><\/p>\n","protected":false},"author":2,"featured_media":0,"parent":24,"menu_order":0,"comment_status":"open","ping_status":"open","template":"","meta":{"footnotes":"","_links_to":"","_links_to_target":""},"class_list":["post-119","page","type-page","status-publish","hentry"],"_links":{"self":[{"href":"https:\/\/dominikanische-laien.de\/index.php?rest_route=\/wp\/v2\/pages\/119"}],"collection":[{"href":"https:\/\/dominikanische-laien.de\/index.php?rest_route=\/wp\/v2\/pages"}],"about":[{"href":"https:\/\/dominikanische-laien.de\/index.php?rest_route=\/wp\/v2\/types\/page"}],"author":[{"embeddable":true,"href":"https:\/\/dominikanische-laien.de\/index.php?rest_route=\/wp\/v2\/users\/2"}],"replies":[{"embeddable":true,"href":"https:\/\/dominikanische-laien.de\/index.php?rest_route=%2Fwp%2Fv2%2Fcomments&post=119"}],"version-history":[{"count":6,"href":"https:\/\/dominikanische-laien.de\/index.php?rest_route=\/wp\/v2\/pages\/119\/revisions"}],"predecessor-version":[{"id":852,"href":"https:\/\/dominikanische-laien.de\/index.php?rest_route=\/wp\/v2\/pages\/119\/revisions\/852"}],"up":[{"embeddable":true,"href":"https:\/\/dominikanische-laien.de\/index.php?rest_route=\/wp\/v2\/pages\/24"}],"wp:attachment":[{"href":"https:\/\/dominikanische-laien.de\/index.php?rest_route=%2Fwp%2Fv2%2Fmedia&parent=119"}],"curies":[{"name":"wp","href":"https:\/\/api.w.org\/{rel}","templated":true}]}}