{"id":115,"date":"2013-02-19T07:56:56","date_gmt":"2013-02-19T06:56:56","guid":{"rendered":"http:\/\/dominikanische-laien.de\/?page_id=115"},"modified":"2013-09-09T09:27:47","modified_gmt":"2013-09-09T08:27:47","slug":"wallfahrten","status":"publish","type":"page","link":"https:\/\/dominikanische-laien.de\/?page_id=115","title":{"rendered":"Wallfahrten"},"content":{"rendered":"<p>Im Oktober 2012 machte sich eine Gruppe von Laiendominikanern aus allen Teilen der Provinz zusammen mit dem Provinzpromotor zu einer Wallfahrt nach Rom auf, bei der auch viele St\u00e4tten dominikanischen Wirkens besucht wurden. Auch diese \u00fcberregionale Aktivit\u00e4t stie\u00df auf gro\u00dfes Interesse und soll nach M\u00f6glichkeit jedes Jahr angeboten werden. Im n\u00e4chsten Jahr wird eine Gruppe von Laiendominikanern vorraussichtlich Bologna mit dem Grab des hl. Vaters Dominikus besuchen. Der genaue Termin und M\u00f6glichkeiten zur Anmeldung werden hier rechtzeitig bekannt gegeben.<\/p>\n","protected":false},"excerpt":{"rendered":"<p>Im Oktober 2012 machte sich eine Gruppe von Laiendominikanern aus allen Teilen der Provinz zusammen mit dem Provinzpromotor zu einer Wallfahrt nach Rom auf, bei der auch viele St\u00e4tten dominikanischen Wirkens besucht wurden. Auch diese \u00fcberregionale Aktivit\u00e4t stie\u00df auf gro\u00dfes &hellip; <a href=\"https:\/\/dominikanische-laien.de\/?page_id=115\">Weiterlesen <span class=\"meta-nav\">&rarr;<\/span><\/a><\/p>\n","protected":false},"author":2,"featured_media":0,"parent":107,"menu_order":3,"comment_status":"open","ping_status":"open","template":"","meta":{"footnotes":"","_links_to":"","_links_to_target":""},"class_list":["post-115","page","type-page","status-publish","hentry"],"_links":{"self":[{"href":"https:\/\/dominikanische-laien.de\/index.php?rest_route=\/wp\/v2\/pages\/115"}],"collection":[{"href":"https:\/\/dominikanische-laien.de\/index.php?rest_route=\/wp\/v2\/pages"}],"about":[{"href":"https:\/\/dominikanische-laien.de\/index.php?rest_route=\/wp\/v2\/types\/page"}],"author":[{"embeddable":true,"href":"https:\/\/dominikanische-laien.de\/index.php?rest_route=\/wp\/v2\/users\/2"}],"replies":[{"embeddable":true,"href":"https:\/\/dominikanische-laien.de\/index.php?rest_route=%2Fwp%2Fv2%2Fcomments&post=115"}],"version-history":[{"count":6,"href":"https:\/\/dominikanische-laien.de\/index.php?rest_route=\/wp\/v2\/pages\/115\/revisions"}],"predecessor-version":[{"id":308,"href":"https:\/\/dominikanische-laien.de\/index.php?rest_route=\/wp\/v2\/pages\/115\/revisions\/308"}],"up":[{"embeddable":true,"href":"https:\/\/dominikanische-laien.de\/index.php?rest_route=\/wp\/v2\/pages\/107"}],"wp:attachment":[{"href":"https:\/\/dominikanische-laien.de\/index.php?rest_route=%2Fwp%2Fv2%2Fmedia&parent=115"}],"curies":[{"name":"wp","href":"https:\/\/api.w.org\/{rel}","templated":true}]}}