{"id":109,"date":"2013-02-19T07:55:49","date_gmt":"2013-02-19T06:55:49","guid":{"rendered":"http:\/\/dominikanische-laien.de\/?page_id=109"},"modified":"2019-10-12T19:33:54","modified_gmt":"2019-10-12T18:33:54","slug":"studientag","status":"publish","type":"page","link":"https:\/\/dominikanische-laien.de\/?page_id=109","title":{"rendered":"Studientag"},"content":{"rendered":"<p>Seit 2007 fanden zun\u00e4chst zweimal \u00a0j\u00e4hrlich jeweils an den Wochenenden am oder nach dem Gedenktag der \u00dcbertragung der Gebeine des hl. Vaters Dominikus (24. Mai) und dem Fest des hl. Albertus magnus (15. November) Studientage statt. Sie hatten so unterschiedliche Themen wie Wirtschaftsethik, Meister Eckhart, Individualismus, Willensfreiheit, Zukunft der Kirche, Eucharistie und die M\u00f6glichkeiten, heute von Gott zu sprechen. Die Studientage sind \u00f6ffentlich. \u00dcber einen l\u00e4ngeren Zeitraum fanden sie jeweils an einem Ort in der Provinz statt, in dem ein Dominikaner- oder Dominikanerinnenkloster ans\u00e4ssig ist, so z.B. in Augsburg, Bamberg, Regensburg, Freiburg, Graz, Landsberg am Lech und Wien.<\/p>\n<p>Mittlerweile hat\u00a0sich herauskristallisiert, dass f\u00fcr eine Provinz unserer Gr\u00f6\u00dfe ein kombinierter Studien- und Einkehrtag pro Jahr realistisch ist. Dieser Termin findet abwechselnden Orten statt und umfasst ein Wochenende von Freitagabend bis etwa Sonntagmittag.<\/p>\n<p>Seit 2017 werden Studientage gemeinsam mit unserer Nachbarprovinz Teutonia veranstaltet. Der letzte fand im September 2019 in K\u00f6ln statt.<\/p>\n","protected":false},"excerpt":{"rendered":"<p>Seit 2007 fanden zun\u00e4chst zweimal \u00a0j\u00e4hrlich jeweils an den Wochenenden am oder nach dem Gedenktag der \u00dcbertragung der Gebeine des hl. Vaters Dominikus (24. Mai) und dem Fest des hl. Albertus magnus (15. November) Studientage statt. Sie hatten so unterschiedliche &hellip; <a href=\"https:\/\/dominikanische-laien.de\/?page_id=109\">Weiterlesen <span class=\"meta-nav\">&rarr;<\/span><\/a><\/p>\n","protected":false},"author":2,"featured_media":0,"parent":107,"menu_order":0,"comment_status":"open","ping_status":"open","template":"","meta":{"footnotes":"","_links_to":"","_links_to_target":""},"class_list":["post-109","page","type-page","status-publish","hentry"],"_links":{"self":[{"href":"https:\/\/dominikanische-laien.de\/index.php?rest_route=\/wp\/v2\/pages\/109"}],"collection":[{"href":"https:\/\/dominikanische-laien.de\/index.php?rest_route=\/wp\/v2\/pages"}],"about":[{"href":"https:\/\/dominikanische-laien.de\/index.php?rest_route=\/wp\/v2\/types\/page"}],"author":[{"embeddable":true,"href":"https:\/\/dominikanische-laien.de\/index.php?rest_route=\/wp\/v2\/users\/2"}],"replies":[{"embeddable":true,"href":"https:\/\/dominikanische-laien.de\/index.php?rest_route=%2Fwp%2Fv2%2Fcomments&post=109"}],"version-history":[{"count":11,"href":"https:\/\/dominikanische-laien.de\/index.php?rest_route=\/wp\/v2\/pages\/109\/revisions"}],"predecessor-version":[{"id":4205,"href":"https:\/\/dominikanische-laien.de\/index.php?rest_route=\/wp\/v2\/pages\/109\/revisions\/4205"}],"up":[{"embeddable":true,"href":"https:\/\/dominikanische-laien.de\/index.php?rest_route=\/wp\/v2\/pages\/107"}],"wp:attachment":[{"href":"https:\/\/dominikanische-laien.de\/index.php?rest_route=%2Fwp%2Fv2%2Fmedia&parent=109"}],"curies":[{"name":"wp","href":"https:\/\/api.w.org\/{rel}","templated":true}]}}