{"id":105,"date":"2013-02-19T07:54:44","date_gmt":"2013-02-19T06:54:44","guid":{"rendered":"http:\/\/dominikanische-laien.de\/?page_id=105"},"modified":"2019-10-12T19:25:49","modified_gmt":"2019-10-12T18:25:49","slug":"der-provinzrat","status":"publish","type":"page","link":"https:\/\/dominikanische-laien.de\/?page_id=105","title":{"rendered":"Der Provinzrat"},"content":{"rendered":"<p style=\"text-align: justify;\">Im Juli 2011 trat erstmals in der Geschichte der Provinz des hl. Albert ein Provinzkapitel der Laien, bestehend aus Delegierten der Gruppen und Einzelmitglieder zusammen, das dann am 22. Januar 2012 den Provinzrat der Dominikanischen Laiengemeinschaften w\u00e4hlte &#8211; ein wichtiger Schritt zu einer gr\u00f6\u00dferen Unabh\u00e4ngigkeit. Der Provinzrat besteht aus den Delegierten der Gruppen und Fraternit\u00e4ten, ggf. dem vormaligen Provinzpr\u00e4sidenten und dem Provinzpromotor mit geistlicher und beratender Funktion, jedoch ohne Stimmrecht.<\/p>\n<p style=\"text-align: justify;\">Nach der Neuordnung des Direktoriums w\u00e4hlte der amtierende Provinzrat in seiner konstituierenden Sitzung am 11. Juli 2015 erstmals ein Pr\u00e4sidium, das f\u00fcr vier Jahre im Amt war.<\/p>\n<p>Vom 4. &#8211; 6. Oktober 2019 fand w\u00e4hlte der neue Provinzrat auf seiner konstituierenden Sitzung erneuten Pr\u00e4sidium. Gew\u00e4hlt wurden:<\/p>\n<ul style=\"text-align: justify;\">\n<li>der Provinzpr\u00e4sident: Horst Waibel von der Gruppe im Aufbau in Wettenhausen<\/li>\n<li>sein Stellvertreter: Volker Nebel von der DLG in Freiburg<\/li>\n<li>die Schriftf\u00fchrerin: Catherine Lewis von der DLG in Wien<\/li>\n<li>die Kassiererin: Christine Seibold von der DLG in Bamberg<\/li>\n<li>der Beisitzende f\u00fcr den Kontakt zwischen den DLGs in der Provinz des hl. Albert: Ralph Berger von der DLG in Landsberg<\/li>\n<\/ul>\n<p style=\"text-align: justify;\">Der Provinzrat vertritt alle inkorporierten Laien, die nach der Regel der Dominikanischen Laiengemeinschaften leben und ist Ansprechpartner des Ordensmeisters und seiner Stellvertreter. Er gibt ein Votum zu Ernennung des Provinzpromotors an das Provinzkapitel der Br\u00fcder ab, stellt Antr\u00e4ge an das Generalkapitel bzw das Provinzkapitel des Ordens und hat den Auftrag, die Arbeit der Gruppen zu f\u00f6rdern und zu koordinieren. Seine ersten Aufgaben bestanden darin, das Direktorium f\u00fcr die Dominikanischen Laiengemeinschaften unserer Provinz zu \u00fcberarbeiten und die Ausbildung unserer Postulanten und Novizen neu zu ordnen. Er entsendet au\u00dferdem Delegierte zu den europ\u00e4ischen und internationalen Treffen der Dominikanischen Laien.<\/p>\n","protected":false},"excerpt":{"rendered":"<p>Im Juli 2011 trat erstmals in der Geschichte der Provinz des hl. Albert ein Provinzkapitel der Laien, bestehend aus Delegierten der Gruppen und Einzelmitglieder zusammen, das dann am 22. Januar 2012 den Provinzrat der Dominikanischen Laiengemeinschaften w\u00e4hlte &#8211; ein wichtiger &hellip; <a href=\"https:\/\/dominikanische-laien.de\/?page_id=105\">Weiterlesen <span class=\"meta-nav\">&rarr;<\/span><\/a><\/p>\n","protected":false},"author":2,"featured_media":0,"parent":21,"menu_order":3,"comment_status":"open","ping_status":"open","template":"","meta":{"footnotes":"","_links_to":"","_links_to_target":""},"class_list":["post-105","page","type-page","status-publish","hentry"],"_links":{"self":[{"href":"https:\/\/dominikanische-laien.de\/index.php?rest_route=\/wp\/v2\/pages\/105"}],"collection":[{"href":"https:\/\/dominikanische-laien.de\/index.php?rest_route=\/wp\/v2\/pages"}],"about":[{"href":"https:\/\/dominikanische-laien.de\/index.php?rest_route=\/wp\/v2\/types\/page"}],"author":[{"embeddable":true,"href":"https:\/\/dominikanische-laien.de\/index.php?rest_route=\/wp\/v2\/users\/2"}],"replies":[{"embeddable":true,"href":"https:\/\/dominikanische-laien.de\/index.php?rest_route=%2Fwp%2Fv2%2Fcomments&post=105"}],"version-history":[{"count":9,"href":"https:\/\/dominikanische-laien.de\/index.php?rest_route=\/wp\/v2\/pages\/105\/revisions"}],"predecessor-version":[{"id":4203,"href":"https:\/\/dominikanische-laien.de\/index.php?rest_route=\/wp\/v2\/pages\/105\/revisions\/4203"}],"up":[{"embeddable":true,"href":"https:\/\/dominikanische-laien.de\/index.php?rest_route=\/wp\/v2\/pages\/21"}],"wp:attachment":[{"href":"https:\/\/dominikanische-laien.de\/index.php?rest_route=%2Fwp%2Fv2%2Fmedia&parent=105"}],"curies":[{"name":"wp","href":"https:\/\/api.w.org\/{rel}","templated":true}]}}